{"id":7387,"date":"2024-03-05T03:17:04","date_gmt":"2024-03-05T03:17:04","guid":{"rendered":"https:\/\/legacypro.pt\/services\/"},"modified":"2026-03-01T22:57:19","modified_gmt":"2026-03-01T22:57:19","slug":"services","status":"publish","type":"page","link":"https:\/\/legacypro.pt\/en\/services\/","title":{"rendered":"Services"},"content":{"rendered":"\t\t<div data-elementor-type=\"wp-page\" data-elementor-id=\"7387\" class=\"elementor elementor-7387 elementor-23\">\n\t\t\t\t        <section class=\"elementor-section elementor-top-section elementor-element elementor-element-5cad0c3 elementor-section-stretched elementor-section-boxed elementor-section-height-default elementor-section-height-default pxl-row-scroll-none pxl-bg-color-none pxl-section-overlay-none\" data-id=\"5cad0c3\" data-element_type=\"section\" data-e-type=\"section\" data-settings=\"{&quot;stretch_section&quot;:&quot;section-stretched&quot;}\">\n\n                \n                <div class=\"elementor-container elementor-column-gap-extended \">\n                <div class=\"elementor-column elementor-col-100 elementor-top-column elementor-element elementor-element-9e33018 pxl-column-none pxl-column-overflow-hidden-no\" data-id=\"9e33018\" data-element_type=\"column\" data-e-type=\"column\">\r\n        <div class=\"elementor-widget-wrap elementor-element-populated\">\r\n                     \r\n        \t\t<div class=\"elementor-element elementor-element-a1a65c4 pxl-post-layout-service-1 elementor-widget elementor-widget-pxl_post_grid\" data-id=\"a1a65c4\" data-element_type=\"widget\" data-e-type=\"widget\" data-widget_type=\"pxl_post_grid.default\">\n\t\t\t\t<div class=\"elementor-widget-container\">\n\t\t\t\t\t\n<div id=\"pxl_post_grid-a1a65c4-1822\" class=\"pxl-grid pxl-service-grid pxl-service-layout1\" data-layout=\"masonry\" data-start-page=\"1\" data-max-pages=\"1\" data-total=\"3\" data-perpage=\"4\" data-next-link=\"\">\n    \n    <div class=\"pxl-grid-inner pxl-grid-masonry row\" data-gutter=\"15\">\n                    <div class=\"pxl-grid-item col-xl-12 col-lg-12 col-md-12 col-sm-12 col-12 \">\n                <div class=\"pxl-item--inner pxl-not-active wow fadeInUp\" data-wow-duration=\"1.2s\">\n                    <div class=\"pxl-item--image hover-imge-effect3\">\n                                                    <div class=\"bg-image\" style=\"--pg-background-image: url('https:\/\/legacypro.pt\/wp-content\/uploads\/2024\/03\/accountant.jpg');\">\n                                <a href=\"https:\/\/legacypro.pt\/en\/service\/accounting-and-finance\/\">\n                                    <img fetchpriority=\"high\" decoding=\"async\" class=\"no-lazyload \" src=\"https:\/\/legacypro.pt\/wp-content\/uploads\/2024\/03\/accountant-700x467.jpg\" width=\"700\" height=\"467\" alt=\"accountant\" title=\"accountant\" \/>                                <\/a>\n                            <\/div>\n                                            <\/div>\n                    <div class=\"pxl-item--holder\">\n                                                                            <div class=\"pxl-item--icon\">\n                                <img decoding=\"async\" width=\"93\" height=\"85\" src=\"https:\/\/legacypro.pt\/wp-content\/uploads\/2024\/03\/icon-service2.png\" class=\"attachment-full\" alt=\"\" \/>                            <\/div>\n                                                \n                        <h3 class=\"pxl-item--title\">\n                            <a href=\"https:\/\/legacypro.pt\/en\/service\/accounting-and-finance\/\">Accounting and Finance<\/a>\n                        <\/h3>\n                                                    <div class=\"pxl-item--content\">\n                                We support companies with general and analytical accounting, tax obligations (VAT, IRC, IRS, IES) and financial statements, ensuring accuracy and compliance at all stages.                            <\/div>\n                                                                            <div class=\"pxl-item--readmore\">\n                                <a href=\"https:\/\/legacypro.pt\/en\/service\/accounting-and-finance\/\">\n                                    <span class=\"pxl-mr-15\">View more<\/span>\n                                    <i class=\"flaticon-right\"><\/i>\n                                <\/a>\n                            <\/div>\n                                            <\/div>\n                <\/div>\n            <\/div>\n                    <div class=\"pxl-grid-item col-xl-12 col-lg-12 col-md-12 col-sm-12 col-12 \">\n                <div class=\"pxl-item--inner pxl-not-active wow fadeInUp\" data-wow-duration=\"1.2s\">\n                    <div class=\"pxl-item--image hover-imge-effect3\">\n                                                    <div class=\"bg-image\" style=\"--pg-background-image: url('https:\/\/legacypro.pt\/wp-content\/uploads\/2026\/01\/payroll.jpg');\">\n                                <a href=\"https:\/\/legacypro.pt\/en\/service\/human-resources-and-payroll\/\">\n                                    <img decoding=\"async\" class=\"no-lazyload \" src=\"https:\/\/legacypro.pt\/wp-content\/uploads\/2026\/01\/payroll-700x467.jpg\" width=\"700\" height=\"467\" alt=\"payroll\" title=\"payroll\" \/>                                <\/a>\n                            <\/div>\n                                            <\/div>\n                    <div class=\"pxl-item--holder\">\n                                                                            <div class=\"pxl-item--icon\">\n                                <img loading=\"lazy\" decoding=\"async\" width=\"89\" height=\"89\" src=\"https:\/\/legacypro.pt\/wp-content\/uploads\/2024\/03\/icon-service4.png\" class=\"attachment-full\" alt=\"\" \/>                            <\/div>\n                                                \n                        <h3 class=\"pxl-item--title\">\n                            <a href=\"https:\/\/legacypro.pt\/en\/service\/human-resources-and-payroll\/\">Human Resources and Payroll<\/a>\n                        <\/h3>\n                                                    <div class=\"pxl-item--content\">\n                                We handle monthly payroll processing, payslip issuance, hiring and terminations, contracts, and mandatory declarations \u2014 with clear processes and close monitoring.                            <\/div>\n                                                                            <div class=\"pxl-item--readmore\">\n                                <a href=\"https:\/\/legacypro.pt\/en\/service\/human-resources-and-payroll\/\">\n                                    <span class=\"pxl-mr-15\">View more<\/span>\n                                    <i class=\"flaticon-right\"><\/i>\n                                <\/a>\n                            <\/div>\n                                            <\/div>\n                <\/div>\n            <\/div>\n                    <div class=\"pxl-grid-item col-xl-12 col-lg-12 col-md-12 col-sm-12 col-12 \">\n                <div class=\"pxl-item--inner pxl-not-active wow fadeInUp\" data-wow-duration=\"1.2s\">\n                    <div class=\"pxl-item--image hover-imge-effect3\">\n                                                    <div class=\"bg-image\" style=\"--pg-background-image: url('https:\/\/legacypro.pt\/wp-content\/uploads\/2026\/02\/top-view-of-cleaning-company-team-cleaning-modern-2026-01-06-00-28-27-utc.jpg');\">\n                                <a href=\"https:\/\/legacypro.pt\/en\/service\/facilities-management\/\">\n                                    <img loading=\"lazy\" decoding=\"async\" class=\"no-lazyload \" src=\"https:\/\/legacypro.pt\/wp-content\/uploads\/2026\/02\/top-view-of-cleaning-company-team-cleaning-modern-2026-01-06-00-28-27-utc-700x467.jpg\" width=\"700\" height=\"467\" alt=\"top-view-of-cleaning-company-team-cleaning-modern-2026-01-06-00-28-27-utc\" title=\"top-view-of-cleaning-company-team-cleaning-modern-2026-01-06-00-28-27-utc\" \/>                                <\/a>\n                            <\/div>\n                                            <\/div>\n                    <div class=\"pxl-item--holder\">\n                                                                            <div class=\"pxl-item--icon\">\n                                <img loading=\"lazy\" decoding=\"async\" width=\"90\" height=\"68\" src=\"https:\/\/legacypro.pt\/wp-content\/uploads\/2024\/03\/icon-service1.png\" class=\"attachment-full\" alt=\"\" \/>                            <\/div>\n                                                \n                        <h3 class=\"pxl-item--title\">\n                            <a href=\"https:\/\/legacypro.pt\/en\/service\/facilities-management\/\">Facilities Management<\/a>\n                        <\/h3>\n                                                    <div class=\"pxl-item--content\">\n                                Facility management, specialized cleaning and maintenance services, focusing on operational efficiency and peace of mind for your business.                            <\/div>\n                                                                            <div class=\"pxl-item--readmore\">\n                                <a href=\"https:\/\/legacypro.pt\/en\/service\/facilities-management\/\">\n                                    <span class=\"pxl-mr-15\">View more<\/span>\n                                    <i class=\"flaticon-right\"><\/i>\n                                <\/a>\n                            <\/div>\n                                            <\/div>\n                <\/div>\n            <\/div>\n                <div class=\"grid-sizer col-xl-12 col-lg-12 col-md-12 col-sm-12 col-12\"><\/div>\n    <\/div>\n            <div class=\"pxl-grid-pagination\" data-loadmore=\"{&quot;post_type&quot;:&quot;service&quot;,&quot;layout&quot;:&quot;service-1&quot;,&quot;startPage&quot;:1,&quot;maxPages&quot;:1,&quot;total&quot;:3,&quot;perpage&quot;:4,&quot;nextLink&quot;:&quot;&quot;,&quot;source&quot;:&quot;&quot;,&quot;orderby&quot;:&quot;date&quot;,&quot;order&quot;:&quot;desc&quot;,&quot;limit&quot;:4,&quot;post_ids&quot;:[],&quot;col_xl&quot;:12,&quot;col_lg&quot;:12,&quot;col_md&quot;:12,&quot;col_sm&quot;:12,&quot;col_xs&quot;:12,&quot;pagination_type&quot;:&quot;pagination&quot;,&quot;show_excerpt&quot;:&quot;true&quot;,&quot;show_button&quot;:&quot;true&quot;,&quot;button_text&quot;:&quot;&quot;,&quot;num_words&quot;:25,&quot;img_size&quot;:&quot;&quot;,&quot;grid_masonry&quot;:&quot;&quot;,&quot;pxl_animate&quot;:&quot;wow fadeInUp&quot;,&quot;html_id&quot;:&quot;pxl_post_grid-a1a65c4-1822&quot;,&quot;tax&quot;:[]}\" data-query=\"{&quot;post_type&quot;:&quot;service&quot;,&quot;post_status&quot;:&quot;publish&quot;,&quot;posts_per_page&quot;:4,&quot;order&quot;:&quot;desc&quot;,&quot;orderby&quot;:&quot;date&quot;,&quot;tax_query&quot;:{&quot;relation&quot;:&quot;OR&quot;},&quot;post__not_in&quot;:[7387]}\">\n                    <\/div>\n        <\/div>\t\t\t\t<\/div>\n\t\t\t\t<\/div>\n\t\t            <\/div>\r\n        <\/div>\r\n        \t\t\t<\/div>\n\t\t<\/section>\n\t\t\t\t<\/div>\n\t\t","protected":false},"excerpt":{"rendered":"<p>Contabilidade e Finan\u00e7as Apoiamos empresas com contabilidade geral e anal\u00edtica, obriga\u00e7\u00f5es fiscais (IVA, IRC, IRS, IES) e demonstra\u00e7\u00f5es financeiras, garantindo rigor e conformidade em todas as fases. View more Recursos Humanos e Payroll Tratamos do processamento mensal de sal\u00e1rios, emiss\u00e3o de recibos, admiss\u00f5es e cessa\u00e7\u00f5es, contratos e declara\u00e7\u00f5es obrigat\u00f3rias \u2014 com processos claros e acompanhamento [&hellip;]<\/p>\n","protected":false},"author":1,"featured_media":0,"parent":0,"menu_order":0,"comment_status":"closed","ping_status":"closed","template":"","meta":{"footnotes":""},"class_list":["post-7387","page","type-page","status-publish","hentry"],"yoast_head":"<!-- This site is optimized with the Yoast SEO plugin v27.0 - https:\/\/yoast.com\/product\/yoast-seo-wordpress\/ -->\n<title>Services - LegacyPro Outsourcing<\/title>\n<meta name=\"description\" content=\"Discover the services offered by LegacyPro Outsourcing: Accounting and Finance, Human Resources, and Payroll. Rigorous and close monitoring.\" \/>\n<meta name=\"robots\" content=\"index, follow, max-snippet:-1, max-image-preview:large, max-video-preview:-1\" \/>\n<link rel=\"canonical\" href=\"https:\/\/legacypro.pt\/en\/services\/\" \/>\n<meta property=\"og:locale\" content=\"en_US\" \/>\n<meta property=\"og:type\" content=\"article\" \/>\n<meta property=\"og:title\" content=\"Services - LegacyPro Outsourcing\" \/>\n<meta property=\"og:description\" content=\"Discover the services offered by LegacyPro Outsourcing: Accounting and Finance, Human Resources, and Payroll. Rigorous and close monitoring.\" \/>\n<meta property=\"og:url\" content=\"https:\/\/legacypro.pt\/en\/services\/\" \/>\n<meta property=\"og:site_name\" content=\"LegacyPro Outsourcing\" \/>\n<meta property=\"article:modified_time\" content=\"2026-03-01T22:57:19+00:00\" \/>\n<meta property=\"og:image\" content=\"https:\/\/legacypro.pt\/wp-content\/uploads\/2024\/03\/accountant-700x467.jpg\" \/>\n<meta name=\"twitter:card\" content=\"summary_large_image\" \/>\n<script type=\"application\/ld+json\" class=\"yoast-schema-graph\">{\"@context\":\"https:\/\/schema.org\",\"@graph\":[{\"@type\":\"WebPage\",\"@id\":\"https:\/\/legacypro.pt\/en\/services\/\",\"url\":\"https:\/\/legacypro.pt\/en\/services\/\",\"name\":\"Services - LegacyPro Outsourcing\",\"isPartOf\":{\"@id\":\"https:\/\/legacypro.pt\/en\/#website\"},\"primaryImageOfPage\":{\"@id\":\"https:\/\/legacypro.pt\/en\/services\/#primaryimage\"},\"image\":{\"@id\":\"https:\/\/legacypro.pt\/en\/services\/#primaryimage\"},\"thumbnailUrl\":\"https:\/\/legacypro.pt\/wp-content\/uploads\/2024\/03\/accountant-700x467.jpg\",\"datePublished\":\"2024-03-05T03:17:04+00:00\",\"dateModified\":\"2026-03-01T22:57:19+00:00\",\"description\":\"Discover the services offered by LegacyPro Outsourcing: Accounting and Finance, Human Resources, and Payroll. Rigorous and close monitoring.\",\"breadcrumb\":{\"@id\":\"https:\/\/legacypro.pt\/en\/services\/#breadcrumb\"},\"inLanguage\":\"en-US\",\"potentialAction\":[{\"@type\":\"ReadAction\",\"target\":[\"https:\/\/legacypro.pt\/en\/services\/\"]}]},{\"@type\":\"ImageObject\",\"inLanguage\":\"en-US\",\"@id\":\"https:\/\/legacypro.pt\/en\/services\/#primaryimage\",\"url\":\"https:\/\/legacypro.pt\/wp-content\/uploads\/2024\/03\/accountant-700x467.jpg\",\"contentUrl\":\"https:\/\/legacypro.pt\/wp-content\/uploads\/2024\/03\/accountant-700x467.jpg\"},{\"@type\":\"BreadcrumbList\",\"@id\":\"https:\/\/legacypro.pt\/en\/services\/#breadcrumb\",\"itemListElement\":[{\"@type\":\"ListItem\",\"position\":1,\"name\":\"In\u00edcio\",\"item\":\"https:\/\/legacypro.pt\/en\/home\/\"},{\"@type\":\"ListItem\",\"position\":2,\"name\":\"Services\"}]},{\"@type\":\"WebSite\",\"@id\":\"https:\/\/legacypro.pt\/en\/#website\",\"url\":\"https:\/\/legacypro.pt\/en\/\",\"name\":\"LegacyPro Outsourcing\",\"description\":\"Contabilidade e Payroll em Portugal\",\"publisher\":{\"@id\":\"https:\/\/legacypro.pt\/en\/#organization\"},\"inLanguage\":\"en-US\"},{\"@type\":\"Organization\",\"@id\":\"https:\/\/legacypro.pt\/en\/#organization\",\"name\":\"LegacyPro Outsourcing\",\"url\":\"https:\/\/legacypro.pt\/en\/\",\"logo\":{\"@type\":\"ImageObject\",\"inLanguage\":\"en-US\",\"@id\":\"https:\/\/legacypro.pt\/en\/#\/schema\/logo\/image\/\",\"url\":\"https:\/\/legacypro.pt\/wp-content\/uploads\/2026\/01\/logo.svg\",\"contentUrl\":\"https:\/\/legacypro.pt\/wp-content\/uploads\/2026\/01\/logo.svg\",\"width\":222,\"height\":225,\"caption\":\"LegacyPro Outsourcing\"},\"image\":{\"@id\":\"https:\/\/legacypro.pt\/en\/#\/schema\/logo\/image\/\"}}]}<\/script>\n<!-- \/ Yoast SEO plugin. -->","yoast_head_json":{"title":"Services - LegacyPro Outsourcing","description":"Discover the services offered by LegacyPro Outsourcing: Accounting and Finance, Human Resources, and Payroll. Rigorous and close monitoring.","robots":{"index":"index","follow":"follow","max-snippet":"max-snippet:-1","max-image-preview":"max-image-preview:large","max-video-preview":"max-video-preview:-1"},"canonical":"https:\/\/legacypro.pt\/en\/services\/","og_locale":"en_US","og_type":"article","og_title":"Services - LegacyPro Outsourcing","og_description":"Discover the services offered by LegacyPro Outsourcing: Accounting and Finance, Human Resources, and Payroll. Rigorous and close monitoring.","og_url":"https:\/\/legacypro.pt\/en\/services\/","og_site_name":"LegacyPro Outsourcing","article_modified_time":"2026-03-01T22:57:19+00:00","og_image":[{"url":"https:\/\/legacypro.pt\/wp-content\/uploads\/2024\/03\/accountant-700x467.jpg","type":"","width":"","height":""}],"twitter_card":"summary_large_image","schema":{"@context":"https:\/\/schema.org","@graph":[{"@type":"WebPage","@id":"https:\/\/legacypro.pt\/en\/services\/","url":"https:\/\/legacypro.pt\/en\/services\/","name":"Services - LegacyPro Outsourcing","isPartOf":{"@id":"https:\/\/legacypro.pt\/en\/#website"},"primaryImageOfPage":{"@id":"https:\/\/legacypro.pt\/en\/services\/#primaryimage"},"image":{"@id":"https:\/\/legacypro.pt\/en\/services\/#primaryimage"},"thumbnailUrl":"https:\/\/legacypro.pt\/wp-content\/uploads\/2024\/03\/accountant-700x467.jpg","datePublished":"2024-03-05T03:17:04+00:00","dateModified":"2026-03-01T22:57:19+00:00","description":"Discover the services offered by LegacyPro Outsourcing: Accounting and Finance, Human Resources, and Payroll. Rigorous and close monitoring.","breadcrumb":{"@id":"https:\/\/legacypro.pt\/en\/services\/#breadcrumb"},"inLanguage":"en-US","potentialAction":[{"@type":"ReadAction","target":["https:\/\/legacypro.pt\/en\/services\/"]}]},{"@type":"ImageObject","inLanguage":"en-US","@id":"https:\/\/legacypro.pt\/en\/services\/#primaryimage","url":"https:\/\/legacypro.pt\/wp-content\/uploads\/2024\/03\/accountant-700x467.jpg","contentUrl":"https:\/\/legacypro.pt\/wp-content\/uploads\/2024\/03\/accountant-700x467.jpg"},{"@type":"BreadcrumbList","@id":"https:\/\/legacypro.pt\/en\/services\/#breadcrumb","itemListElement":[{"@type":"ListItem","position":1,"name":"In\u00edcio","item":"https:\/\/legacypro.pt\/en\/home\/"},{"@type":"ListItem","position":2,"name":"Services"}]},{"@type":"WebSite","@id":"https:\/\/legacypro.pt\/en\/#website","url":"https:\/\/legacypro.pt\/en\/","name":"LegacyPro Outsourcing","description":"Contabilidade e Payroll em Portugal","publisher":{"@id":"https:\/\/legacypro.pt\/en\/#organization"},"inLanguage":"en-US"},{"@type":"Organization","@id":"https:\/\/legacypro.pt\/en\/#organization","name":"LegacyPro Outsourcing","url":"https:\/\/legacypro.pt\/en\/","logo":{"@type":"ImageObject","inLanguage":"en-US","@id":"https:\/\/legacypro.pt\/en\/#\/schema\/logo\/image\/","url":"https:\/\/legacypro.pt\/wp-content\/uploads\/2026\/01\/logo.svg","contentUrl":"https:\/\/legacypro.pt\/wp-content\/uploads\/2026\/01\/logo.svg","width":222,"height":225,"caption":"LegacyPro Outsourcing"},"image":{"@id":"https:\/\/legacypro.pt\/en\/#\/schema\/logo\/image\/"}}]}},"_links":{"self":[{"href":"https:\/\/legacypro.pt\/en\/wp-json\/wp\/v2\/pages\/7387","targetHints":{"allow":["GET"]}}],"collection":[{"href":"https:\/\/legacypro.pt\/en\/wp-json\/wp\/v2\/pages"}],"about":[{"href":"https:\/\/legacypro.pt\/en\/wp-json\/wp\/v2\/types\/page"}],"author":[{"embeddable":true,"href":"https:\/\/legacypro.pt\/en\/wp-json\/wp\/v2\/users\/1"}],"replies":[{"embeddable":true,"href":"https:\/\/legacypro.pt\/en\/wp-json\/wp\/v2\/comments?post=7387"}],"version-history":[{"count":1,"href":"https:\/\/legacypro.pt\/en\/wp-json\/wp\/v2\/pages\/7387\/revisions"}],"predecessor-version":[{"id":7388,"href":"https:\/\/legacypro.pt\/en\/wp-json\/wp\/v2\/pages\/7387\/revisions\/7388"}],"wp:attachment":[{"href":"https:\/\/legacypro.pt\/en\/wp-json\/wp\/v2\/media?parent=7387"}],"curies":[{"name":"wp","href":"https:\/\/api.w.org\/{rel}","templated":true}]}}